{"id":258,"date":"2026-02-11T11:44:44","date_gmt":"2026-02-11T11:44:44","guid":{"rendered":"https:\/\/m-modula.li\/?page_id=258"},"modified":"2026-02-25T09:32:23","modified_gmt":"2026-02-25T09:32:23","slug":"m-modula","status":"publish","type":"page","link":"https:\/\/m-modula.li\/?page_id=258","title":{"rendered":"m-modula"},"content":{"rendered":"\t\t<div data-elementor-type=\"wp-page\" data-elementor-id=\"258\" class=\"elementor elementor-258\" data-elementor-post-type=\"page\">\n\t\t\t\t<div class=\"elementor-element elementor-element-41b081c e-flex e-con-boxed e-con e-parent\" data-id=\"41b081c\" data-element_type=\"container\" data-e-type=\"container\" data-settings=\"{&quot;background_background&quot;:&quot;classic&quot;}\">\n\t\t\t\t\t<div class=\"e-con-inner\">\n\t\t<div class=\"elementor-element elementor-element-cffcc1c e-flex e-con-boxed e-con e-child\" data-id=\"cffcc1c\" data-element_type=\"container\" data-e-type=\"container\">\n\t\t\t\t\t<div class=\"e-con-inner\">\n\t\t\t\t<div class=\"elementor-element elementor-element-351e5983 elementor-invisible elementor-widget elementor-widget-heading\" data-id=\"351e5983\" data-element_type=\"widget\" data-e-type=\"widget\" data-settings=\"{&quot;_animation&quot;:&quot;fadeInLeft&quot;}\" data-widget_type=\"heading.default\">\n\t\t\t\t\t<h1 class=\"elementor-heading-title elementor-size-default\">m-modula<\/h1>\t\t\t\t<\/div>\n\t\t\t\t<div class=\"elementor-element elementor-element-5f8486a5 elementor-icon-list--layout-inline elementor-align-start elementor-list-item-link-full_width elementor-invisible elementor-widget elementor-widget-icon-list\" data-id=\"5f8486a5\" data-element_type=\"widget\" data-e-type=\"widget\" data-settings=\"{&quot;_animation&quot;:&quot;fadeInRight&quot;}\" data-widget_type=\"icon-list.default\">\n\t\t\t\t\t\t\t<ul class=\"elementor-icon-list-items elementor-inline-items\">\n\t\t\t\t\t\t\t<li class=\"elementor-icon-list-item elementor-inline-item\">\n\t\t\t\t\t\t\t\t\t\t\t<a href=\"#\">\n\n\t\t\t\t\t\t\t\t\t\t\t<span class=\"elementor-icon-list-text\">Home<\/span>\n\t\t\t\t\t\t\t\t\t\t\t<\/a>\n\t\t\t\t\t\t\t\t\t<\/li>\n\t\t\t\t\t\t\t\t<li class=\"elementor-icon-list-item elementor-inline-item\">\n\t\t\t\t\t\t\t\t\t\t\t<span class=\"elementor-icon-list-icon\">\n\t\t\t\t\t\t\t<i aria-hidden=\"true\" class=\" arrow_triangle-right\"><\/i>\t\t\t\t\t\t<\/span>\n\t\t\t\t\t\t\t\t\t\t<span class=\"elementor-icon-list-text\">About us<\/span>\n\t\t\t\t\t\t\t\t\t<\/li>\n\t\t\t\t\t\t<\/ul>\n\t\t\t\t\t\t<\/div>\n\t\t\t\t\t<\/div>\n\t\t\t\t<\/div>\n\t\t\t\t<div class=\"elementor-element elementor-element-12f3dab elementor-widget__width-initial elementor-absolute elementor-widget elementor-widget-spacer\" data-id=\"12f3dab\" data-element_type=\"widget\" data-e-type=\"widget\" data-settings=\"{&quot;_position&quot;:&quot;absolute&quot;}\" data-widget_type=\"spacer.default\">\n\t\t\t\t\t\t\t<div class=\"elementor-spacer\">\n\t\t\t<div class=\"elementor-spacer-inner\"><\/div>\n\t\t<\/div>\n\t\t\t\t\t\t<\/div>\n\t\t\t\t\t<\/div>\n\t\t\t\t<\/div>\n\t\t<div class=\"elementor-element elementor-element-48fec7d2 e-flex e-con-boxed e-con e-parent\" data-id=\"48fec7d2\" data-element_type=\"container\" data-e-type=\"container\">\n\t\t\t\t\t<div class=\"e-con-inner\">\n\t\t<div class=\"elementor-element elementor-element-701620fa e-flex e-con-boxed e-con e-child\" data-id=\"701620fa\" data-element_type=\"container\" data-e-type=\"container\">\n\t\t\t\t\t<div class=\"e-con-inner\">\n\t\t<div class=\"elementor-element elementor-element-1a511a9a e-con-full e-flex e-con e-child\" data-id=\"1a511a9a\" data-element_type=\"container\" data-e-type=\"container\">\n\t\t\t\t<div class=\"elementor-element elementor-element-28b36b6d elementor-widget elementor-widget-image\" data-id=\"28b36b6d\" data-element_type=\"widget\" data-e-type=\"widget\" data-widget_type=\"image.default\">\n\t\t\t\t\t\t\t\t\t\t\t\t\t\t\t<img fetchpriority=\"high\" decoding=\"async\" width=\"2560\" height=\"1920\" src=\"https:\/\/m-modula.li\/wp-content\/uploads\/2026\/02\/Design-ohne-Titel-7.png\" class=\"attachment-full size-full wp-image-733\" alt=\"\" srcset=\"https:\/\/m-modula.li\/wp-content\/uploads\/2026\/02\/Design-ohne-Titel-7.png 2560w, https:\/\/m-modula.li\/wp-content\/uploads\/2026\/02\/Design-ohne-Titel-7-300x225.png 300w, https:\/\/m-modula.li\/wp-content\/uploads\/2026\/02\/Design-ohne-Titel-7-1024x768.png 1024w, https:\/\/m-modula.li\/wp-content\/uploads\/2026\/02\/Design-ohne-Titel-7-768x576.png 768w, https:\/\/m-modula.li\/wp-content\/uploads\/2026\/02\/Design-ohne-Titel-7-1536x1152.png 1536w, https:\/\/m-modula.li\/wp-content\/uploads\/2026\/02\/Design-ohne-Titel-7-2048x1536.png 2048w\" sizes=\"(max-width: 2560px) 100vw, 2560px\" \/>\t\t\t\t\t\t\t\t\t\t\t\t\t\t\t<\/div>\n\t\t\t\t<div class=\"elementor-element elementor-element-7126614 elementor-widget__width-initial elementor-absolute elementor-invisible elementor-widget elementor-widget-elementskit-heading\" data-id=\"7126614\" data-element_type=\"widget\" data-e-type=\"widget\" data-settings=\"{&quot;_position&quot;:&quot;absolute&quot;,&quot;_animation&quot;:&quot;fadeInLeft&quot;}\" data-widget_type=\"elementskit-heading.default\">\n\t\t\t\t\t<div class=\"ekit-wid-con\" ><div class=\"ekit-heading elementskit-section-title-wraper text_left   ekit_heading_tablet-   ekit_heading_mobile-\"><h2 class=\"ekit-heading--title elementskit-section-title  ekit-heading__title-has-border start\">Eine Plattform, die wirklich zu Ihrer Organisation passt.<\/h2><\/div><\/div>\t\t\t\t<\/div>\n\t\t\t\t<\/div>\n\t\t<div class=\"elementor-element elementor-element-3e7d57a3 e-con-full e-flex e-con e-child\" data-id=\"3e7d57a3\" data-element_type=\"container\" data-e-type=\"container\">\n\t\t\t\t<div class=\"elementor-element elementor-element-6bfd4f4 elementor-invisible elementor-widget elementor-widget-heading\" data-id=\"6bfd4f4\" data-element_type=\"widget\" data-e-type=\"widget\" data-settings=\"{&quot;_animation&quot;:&quot;fadeInLeft&quot;}\" data-widget_type=\"heading.default\">\n\t\t\t\t\t<h2 class=\"elementor-heading-title elementor-size-default\">the story<\/h2>\t\t\t\t<\/div>\n\t\t\t\t<div class=\"elementor-element elementor-element-77e98264 elementor-invisible elementor-widget elementor-widget-heading\" data-id=\"77e98264\" data-element_type=\"widget\" data-e-type=\"widget\" data-settings=\"{&quot;_animation&quot;:&quot;fadeInUp&quot;}\" data-widget_type=\"heading.default\">\n\t\t\t\t\t<h3 class=\"elementor-heading-title elementor-size-default\">m-modula<\/h3>\t\t\t\t<\/div>\n\t\t\t\t<div class=\"elementor-element elementor-element-834fe38 elementor-widget elementor-widget-text-editor\" data-id=\"834fe38\" data-element_type=\"widget\" data-e-type=\"widget\" data-widget_type=\"text-editor.default\">\n\t\t\t\t\t\t\t\t\t<p data-start=\"209\" data-end=\"464\">Das Lernmanagmentsystem (LMS) Moodle bietet unendliche M\u00f6glichkeiten:<br data-start=\"248\" data-end=\"251\" \/>Eine Plattform, die sich an jede Organisation anpasst und Lernen dort unterst\u00fctzt, wo es stattfindet.<br data-start=\"352\" data-end=\"355\" \/>Gut gestaltet schafft sie Freir\u00e4ume f\u00fcr das Wesentliche:<\/p><p data-start=\"209\" data-end=\"464\"><strong>Austausch, Zusammenarbeit und echte Entwicklung<\/strong><\/p><p data-start=\"466\" data-end=\"696\">Der Name\u00a0<strong data-start=\"475\" data-end=\"487\">m-modula<\/strong>\u00a0steht f\u00fcr diese Idee:<br data-start=\"509\" data-end=\"512\" \/>Aus vielen durchdachten Elementen entsteht ein System, das tr\u00e4gt:\u00a0<strong data-start=\"579\" data-end=\"636\">flexibel, klar strukturiert und mit Raum zum Wachsen.<\/strong><br data-start=\"636\" data-end=\"639\" \/>Eine Plattform, die wirklich zu Ihrer Organisation passt.<\/p>\t\t\t\t\t\t\t\t<\/div>\n\t\t\t\t<\/div>\n\t\t\t\t\t<\/div>\n\t\t\t\t<\/div>\n\t\t\t\t\t<\/div>\n\t\t\t\t<\/div>\n\t\t<div class=\"elementor-element elementor-element-7e24d30 e-flex e-con-boxed e-con e-parent\" data-id=\"7e24d30\" data-element_type=\"container\" data-e-type=\"container\">\n\t\t\t\t\t<div class=\"e-con-inner\">\n\t\t<div class=\"elementor-element elementor-element-d140ce7 e-grid e-con-full e-con e-child\" data-id=\"d140ce7\" data-element_type=\"container\" data-e-type=\"container\">\n\t\t<div class=\"elementor-element elementor-element-dde4fcb e-con-full e-flex e-con e-child\" data-id=\"dde4fcb\" data-element_type=\"container\" data-e-type=\"container\">\n\t\t\t\t<div class=\"elementor-element elementor-element-65fa401 elementor-invisible elementor-widget elementor-widget-heading\" data-id=\"65fa401\" data-element_type=\"widget\" data-e-type=\"widget\" data-settings=\"{&quot;_animation&quot;:&quot;fadeInUp&quot;}\" data-widget_type=\"heading.default\">\n\t\t\t\t\t<h3 class=\"elementor-heading-title elementor-size-default\">Warum Moodle?<\/h3>\t\t\t\t<\/div>\n\t\t\t\t<div class=\"elementor-element elementor-element-59b8be6 elementor-widget elementor-widget-text-editor\" data-id=\"59b8be6\" data-element_type=\"widget\" data-e-type=\"widget\" data-widget_type=\"text-editor.default\">\n\t\t\t\t\t\t\t\t\t<p>Hinter m-modula stehe ich,\u00a0<b>Meret Racz<\/b>, spezialisiert auf digitale Lernprozesse, Moodle-Architektur und nutzerfreundliche Lernplattformen.<\/p><p>Nebenberuflich arbeite ich im Bildungsbereich der Liechtensteinischen Alters- und Krankenhilfe (LAK). Dort betreue ich seit 2020 als Moodle-Administratorin den Betrieb und die Weiterentwicklung der Plattform f\u00fcr Zielgruppen, die in ihren Arbeits- und Lernanforderungen sehr unterschiedlich sind.<br \/>Dabei unterst\u00fctze ich Berufsbildner*innen und Teams dabei, digitale Lernangebote sinnvoll zu gestalten und erfolgreich einzusetzen.<\/p><p>2025 habe ich begonnen, m-modula aufzubauen, um diese Expertise auch anderen Organisationen zur Verf\u00fcgung zu stellen. Mit L\u00f6sungen, die im Alltag Lernprozesse wirksam unterst\u00fctzen.<\/p>\t\t\t\t\t\t\t\t<\/div>\n\t\t\t\t<\/div>\n\t\t\t\t<div class=\"elementor-element elementor-element-b23a641 elementor-widget elementor-widget-image\" data-id=\"b23a641\" data-element_type=\"widget\" data-e-type=\"widget\" data-widget_type=\"image.default\">\n\t\t\t\t\t\t\t\t\t\t\t\t\t\t\t<img decoding=\"async\" width=\"1365\" height=\"2048\" src=\"https:\/\/m-modula.li\/wp-content\/uploads\/2026\/02\/M_K04210-1365x2048-1.jpg\" class=\"attachment-full size-full wp-image-159\" alt=\"\" srcset=\"https:\/\/m-modula.li\/wp-content\/uploads\/2026\/02\/M_K04210-1365x2048-1.jpg 1365w, https:\/\/m-modula.li\/wp-content\/uploads\/2026\/02\/M_K04210-1365x2048-1-600x900.jpg 600w, https:\/\/m-modula.li\/wp-content\/uploads\/2026\/02\/M_K04210-1365x2048-1-200x300.jpg 200w, https:\/\/m-modula.li\/wp-content\/uploads\/2026\/02\/M_K04210-1365x2048-1-683x1024.jpg 683w, https:\/\/m-modula.li\/wp-content\/uploads\/2026\/02\/M_K04210-1365x2048-1-768x1152.jpg 768w, https:\/\/m-modula.li\/wp-content\/uploads\/2026\/02\/M_K04210-1365x2048-1-1024x1536.jpg 1024w\" sizes=\"(max-width: 1365px) 100vw, 1365px\" \/>\t\t\t\t\t\t\t\t\t\t\t\t\t\t\t<\/div>\n\t\t\t\t<\/div>\n\t\t\t\t\t<\/div>\n\t\t\t\t<\/div>\n\t\t\t\t<\/div>\n\t\t\n    <div class=\"xs_social_share_widget xs_share_url after_content \t\tmain_content  wslu-style-1 wslu-share-box-shaped wslu-fill-colored wslu-none wslu-share-horizontal wslu-theme-font-no wslu-main_content\">\n\n\t\t\n        <ul>\n\t\t\t        <\/ul>\n    <\/div> \n","protected":false},"excerpt":{"rendered":"<p>m-modula Home About us Eine Plattform, die wirklich zu Ihrer Organisation passt. the story m-modula Das Lernmanagmentsystem (LMS) Moodle bietet unendliche M\u00f6glichkeiten:Eine Plattform, die sich an jede Organisation anpasst und Lernen dort unterst\u00fctzt, wo es stattfindet.Gut gestaltet schafft sie Freir\u00e4ume f\u00fcr das Wesentliche: Austausch, Zusammenarbeit und echte Entwicklung Der Name\u00a0m-modula\u00a0steht f\u00fcr diese Idee:Aus vielen durchdachten [&hellip;]<\/p>\n","protected":false},"author":1,"featured_media":0,"parent":0,"menu_order":0,"comment_status":"closed","ping_status":"closed","template":"","meta":{"footnotes":""},"class_list":["post-258","page","type-page","status-publish","hentry"],"_links":{"self":[{"href":"https:\/\/m-modula.li\/index.php?rest_route=\/wp\/v2\/pages\/258","targetHints":{"allow":["GET"]}}],"collection":[{"href":"https:\/\/m-modula.li\/index.php?rest_route=\/wp\/v2\/pages"}],"about":[{"href":"https:\/\/m-modula.li\/index.php?rest_route=\/wp\/v2\/types\/page"}],"author":[{"embeddable":true,"href":"https:\/\/m-modula.li\/index.php?rest_route=\/wp\/v2\/users\/1"}],"replies":[{"embeddable":true,"href":"https:\/\/m-modula.li\/index.php?rest_route=%2Fwp%2Fv2%2Fcomments&post=258"}],"version-history":[{"count":10,"href":"https:\/\/m-modula.li\/index.php?rest_route=\/wp\/v2\/pages\/258\/revisions"}],"predecessor-version":[{"id":1132,"href":"https:\/\/m-modula.li\/index.php?rest_route=\/wp\/v2\/pages\/258\/revisions\/1132"}],"wp:attachment":[{"href":"https:\/\/m-modula.li\/index.php?rest_route=%2Fwp%2Fv2%2Fmedia&parent=258"}],"curies":[{"name":"wp","href":"https:\/\/api.w.org\/{rel}","templated":true}]}}